{"id":99,"date":"2014-07-12T12:44:33","date_gmt":"2014-07-12T12:44:33","guid":{"rendered":"http:\/\/wordpress.solinger-vogelpark.de\/?page_id=99"},"modified":"2025-12-20T13:20:03","modified_gmt":"2025-12-20T13:20:03","slug":"werden-sie-pate","status":"publish","type":"page","link":"http:\/\/wordpress.solinger-vogelpark.de\/?page_id=99","title":{"rendered":"Werden Sie Pate"},"content":{"rendered":"\n<figure class=\"wp-block-image\"><img decoding=\"async\" src=\"http:\/\/wordpress.solinger-vogelpark.de\/wp-content\/uploads\/2014\/06\/Egon_2012-01-26_001.jpg\" alt=\"Ziegenbaby Egon\"\/><\/figure>\n\n\n\n<p><\/p>\n\n\n\n<p>Haben Sie ein bestimmtes Tier in unserem Vogel- und Tierpark ins Herz geschlossen?<br>\nDann k\u00f6nnen Sie durch eine Patenschaft einen direkten anteiligen Beitrag f\u00fcr die Pflege Ihres Lieblingstieres leisten: Nahrung, Einstreu, tier\u00e4rztliche Versorgung, all das wird durch Ihre Patenschaft unterst\u00fctzt.<\/p>\n\n\n\n<p>Vielleicht ist eine Patenschaft auch eine gute Idee f\u00fcr ein Geburtstagsgeschenk\u2026<\/p>\n\n\n\n<p><strong>Jedes Jahr am 1. Mai ist bei uns Patentag. An diesem Tag haben alle Paten und Patinnen freien Eintritt in den Park und k\u00f6nnen sich mit anderen Patinnen und Paten treffen und sich \u00fcber ihr Patentier informieren.<\/strong><\/p>\n\n\n\n<p>Nat\u00fcrlich wollen wir uns f\u00fcr Ihre Hilfe bedanken.<br>\n<nbsp><\/nbsp><\/p>\n\n\n\n<p>Sie erhalten:<\/p>\n\n\n\n<ul class=\"wp-block-list\">\n<li>1 Jahreskarte f\u00fcr jederzeit freien Eintritt in unserem Vogel- und Tierpark (nur auf Wunsch &#8211; Sie k\u00f6nnen eine Patenschaft auch ohne Familienjahreskarte \u00fcbernehmen)<\/li>\n\n\n\n<li>1 Patenurkunde<\/li>\n<\/ul>\n\n\n\n<p><strong>Sie k\u00f6nnen gern direkt hier eine Patenschaftsanfrage an uns stellen:<\/strong><\/p>\n\n\n\n<div class=\"wp-block-contact-form-7-contact-form-selector\">\n<div class=\"wpcf7 no-js\" id=\"wpcf7-f919-o1\" lang=\"de-DE\" dir=\"ltr\" data-wpcf7-id=\"919\">\n<div class=\"screen-reader-response\"><p role=\"status\" aria-live=\"polite\" aria-atomic=\"true\"><\/p> <ul><\/ul><\/div>\n<form action=\"\/index.php?rest_route=%2Fwp%2Fv2%2Fpages%2F99#wpcf7-f919-o1\" method=\"post\" class=\"wpcf7-form init\" aria-label=\"Kontaktformular\" novalidate=\"novalidate\" data-status=\"init\">\n<fieldset class=\"hidden-fields-container\"><input type=\"hidden\" name=\"_wpcf7\" value=\"919\" \/><input type=\"hidden\" name=\"_wpcf7_version\" value=\"6.1.5\" \/><input type=\"hidden\" name=\"_wpcf7_locale\" value=\"de_DE\" \/><input type=\"hidden\" name=\"_wpcf7_unit_tag\" value=\"wpcf7-f919-o1\" \/><input type=\"hidden\" name=\"_wpcf7_container_post\" value=\"0\" \/><input type=\"hidden\" name=\"_wpcf7_posted_data_hash\" value=\"\" \/><input type=\"hidden\" name=\"_wpcf7_recaptcha_response\" value=\"\" \/>\n<\/fieldset>\n<p><label>Ihr Name<br \/>\n<span class=\"wpcf7-form-control-wrap\" data-name=\"name_absender\"><input size=\"40\" maxlength=\"400\" class=\"wpcf7-form-control wpcf7-text wpcf7-validates-as-required\" aria-required=\"true\" aria-invalid=\"false\" value=\"\" type=\"text\" name=\"name_absender\" \/><\/span> <\/label>\n<\/p>\n<p><label>Name des Paten \/ der Patin<br \/>\n<span class=\"wpcf7-form-control-wrap\" data-name=\"name_pate\"><input size=\"40\" maxlength=\"400\" class=\"wpcf7-form-control wpcf7-text wpcf7-validates-as-required\" autocomplete=\"name\" aria-required=\"true\" aria-invalid=\"false\" value=\"\" type=\"text\" name=\"name_pate\" \/><\/span> <\/label><br \/>\n<label> gew\u00fcnschtes Patentier (Tierart und \/ oder Name des Tiers)<br \/>\n<span class=\"wpcf7-form-control-wrap\" data-name=\"patentier\"><input size=\"40\" maxlength=\"400\" class=\"wpcf7-form-control wpcf7-text wpcf7-validates-as-required\" aria-required=\"true\" aria-invalid=\"false\" value=\"\" type=\"text\" name=\"patentier\" \/><\/span> <\/label><br \/>\n<label> gew\u00fcnschter Starttermin der Patenschaft<br \/>\n<span class=\"wpcf7-form-control-wrap\" data-name=\"starttermin\"><input class=\"wpcf7-form-control wpcf7-date wpcf7-validates-as-required wpcf7-validates-as-date\" aria-required=\"true\" aria-invalid=\"false\" value=\"\" type=\"date\" name=\"starttermin\" \/><\/span> <\/label><br \/>\nBitte beachten Sie:<br \/>\nWenn Sie es eilig haben, z. B. weil Sie die Patenschaft zu einem bestimmten Termin verschenken m\u00f6chten, rufen Sie uns sicherheitshalber zus\u00e4tzlich an. So k\u00f6nnen Sie Ihre Patenschaft schnellstm\u00f6glich in Empfang nehmen.\n<\/p>\n<p>W\u00fcnschen Sie die Patenschaft mit oder ohne Familienjahreskarte?<br \/>\n<span class=\"wpcf7-form-control-wrap\" data-name=\"jahreskarte\"><span class=\"wpcf7-form-control wpcf7-checkbox\"><span class=\"wpcf7-list-item first\"><label><input type=\"checkbox\" name=\"jahreskarte[]\" value=\"mit Jahreskarte\" \/><span class=\"wpcf7-list-item-label\">mit Jahreskarte<\/span><\/label><\/span><span class=\"wpcf7-list-item last\"><label><input type=\"checkbox\" name=\"jahreskarte[]\" value=\"ohne Jahreskarte\" \/><span class=\"wpcf7-list-item-label\">ohne Jahreskarte<\/span><\/label><\/span><\/span><\/span>\n<\/p>\n<p>Bitte tragen Sie hier Ihre Kontaktdaten ein:<br \/>\n<label>Stra\u00dfe und Hausnummer<br \/>\n<span class=\"wpcf7-form-control-wrap\" data-name=\"strasse_hausnr\"><input size=\"40\" maxlength=\"400\" class=\"wpcf7-form-control wpcf7-text wpcf7-validates-as-required\" aria-required=\"true\" aria-invalid=\"false\" value=\"\" type=\"text\" name=\"strasse_hausnr\" \/><\/span> <\/label><br \/>\n<label>PLZ und Stadt<br \/>\n<span class=\"wpcf7-form-control-wrap\" data-name=\"plz_stadt\"><input size=\"40\" maxlength=\"400\" class=\"wpcf7-form-control wpcf7-text wpcf7-validates-as-required\" aria-required=\"true\" aria-invalid=\"false\" value=\"\" type=\"text\" name=\"plz_stadt\" \/><\/span> <\/label><br \/>\n<label> E-Mail-Adresse<br \/>\n<span class=\"wpcf7-form-control-wrap\" data-name=\"your-email\"><input size=\"40\" maxlength=\"400\" class=\"wpcf7-form-control wpcf7-email wpcf7-validates-as-required wpcf7-text wpcf7-validates-as-email\" autocomplete=\"email\" aria-required=\"true\" aria-invalid=\"false\" value=\"\" type=\"email\" name=\"your-email\" \/><\/span> <\/label><br \/>\n<label> Telefonnummer<br \/>\n<span class=\"wpcf7-form-control-wrap\" data-name=\"telefonnummer\"><input size=\"40\" maxlength=\"400\" class=\"wpcf7-form-control wpcf7-text\" aria-invalid=\"false\" value=\"\" type=\"text\" name=\"telefonnummer\" \/><\/span> <\/label>\n<\/p>\n<p><label> Ihre Nachricht an uns (optional)<br \/>\n<span class=\"wpcf7-form-control-wrap\" data-name=\"your-message\"><input size=\"40\" maxlength=\"400\" class=\"wpcf7-form-control wpcf7-text\" aria-invalid=\"false\" value=\"\" type=\"text\" name=\"your-message\" \/><\/span> <\/label>\n<\/p>\n<p>M\u00f6chten Sie bei Ablauf der Patenschaft an eine Verl\u00e4ngerung erinnert werden?<span class=\"wpcf7-form-control-wrap\" data-name=\"erinnerung\"><span class=\"wpcf7-form-control wpcf7-checkbox wpcf7-validates-as-required\"><span class=\"wpcf7-list-item first\"><label><input type=\"checkbox\" name=\"erinnerung[]\" value=\"ja\" \/><span class=\"wpcf7-list-item-label\">ja<\/span><\/label><\/span><span class=\"wpcf7-list-item last\"><label><input type=\"checkbox\" name=\"erinnerung[]\" value=\"nein\" \/><span class=\"wpcf7-list-item-label\">nein<\/span><\/label><\/span><\/span><\/span>\n<\/p>\n<p>Vielen Dank f\u00fcr Ihre Bereitschaft uns zu unterst\u00fctzen.\n<\/p>\n<p><input class=\"wpcf7-form-control wpcf7-submit has-spinner\" type=\"submit\" value=\"Senden\" \/>\n<\/p><div class=\"wpcf7-response-output\" aria-hidden=\"true\"><\/div>\n<\/form>\n<\/div>\n<\/div>\n\n\n\n<p>Die j\u00e4hrliche Patenschaftsendsumme der einzelnen Tierarten betr\u00e4gt:<\/p>\n\n\n\n<ul class=\"wp-block-list\">\n<li>Meerschweinchen, Sittiche, Kanarienv\u00f6gel, Zebrafinken, Enten, H\u00fchner, Puten, G\u00e4nse: 130 \u20ac mit Jahreskarte \/ 55 \u20ac ohne Jahreskarte<\/li>\n\n\n\n<li>Graupapageien, Senegalpapageien, Amazonen, Minischweine, Ziegen, Schafe: 140 \u20ac mit Jahreskarte \/ 65 \u20ac ohne Jahreskarte<\/li>\n\n\n\n<li>Aras, Kakadus, St\u00f6rche, Schw\u00e4ne, Maras, Frettchen: 155 \u20ac mit Jahreskarte \/ 70 \u20ac ohne Jahreskarte<\/li>\n\n\n\n<li>Waschb\u00e4ren, Nasenb\u00e4ren, F\u00fcchse, Stinktiere: 160 \u20ac mit Jahreskarte \/ 75 \u20ac ohne Jahreskarte<\/li>\n\n\n\n<li>Raben, Eichelh\u00e4her: 165 \u20ac mit Jahreskarte \/ 80 \u20ac ohne Jahreskarte<\/li>\n\n\n\n<li>Alpakas, Esel, Ponys, Kookaburra (Lachender Hans): 180 \u20ac mit Jahreskarte \/ 95 \u20ac ohne Jahreskarte<\/li>\n\n\n\n<li>Kappengeier, Steink\u00e4uze, Schneeeulen, Uhus, Mandschuren Kraniche: 200 \u20ac mit Jahreskarte \/ 115 \u20ac ohne Jahreskarte<\/li>\n\n\n\n<li>Servale, Wildkatzen, K\u00e4ngurus, Kattas, Meerkatzen: 270 \u20ac mit Jahreskarte \/ 185 \u20ac ohne Jahreskarte<\/li>\n<\/ul>\n","protected":false},"excerpt":{"rendered":"<p>Haben Sie ein bestimmtes Tier in unserem Vogel- und Tierpark ins Herz geschlossen? Dann k\u00f6nnen Sie durch eine Patenschaft einen direkten anteiligen Beitrag f\u00fcr die &hellip; <\/p>\n","protected":false},"author":1,"featured_media":0,"parent":0,"menu_order":0,"comment_status":"closed","ping_status":"closed","template":"","meta":{"footnotes":""},"class_list":["post-99","page","type-page","status-publish","hentry"],"_links":{"self":[{"href":"http:\/\/wordpress.solinger-vogelpark.de\/index.php?rest_route=\/wp\/v2\/pages\/99","targetHints":{"allow":["GET"]}}],"collection":[{"href":"http:\/\/wordpress.solinger-vogelpark.de\/index.php?rest_route=\/wp\/v2\/pages"}],"about":[{"href":"http:\/\/wordpress.solinger-vogelpark.de\/index.php?rest_route=\/wp\/v2\/types\/page"}],"author":[{"embeddable":true,"href":"http:\/\/wordpress.solinger-vogelpark.de\/index.php?rest_route=\/wp\/v2\/users\/1"}],"replies":[{"embeddable":true,"href":"http:\/\/wordpress.solinger-vogelpark.de\/index.php?rest_route=%2Fwp%2Fv2%2Fcomments&post=99"}],"version-history":[{"count":17,"href":"http:\/\/wordpress.solinger-vogelpark.de\/index.php?rest_route=\/wp\/v2\/pages\/99\/revisions"}],"predecessor-version":[{"id":924,"href":"http:\/\/wordpress.solinger-vogelpark.de\/index.php?rest_route=\/wp\/v2\/pages\/99\/revisions\/924"}],"wp:attachment":[{"href":"http:\/\/wordpress.solinger-vogelpark.de\/index.php?rest_route=%2Fwp%2Fv2%2Fmedia&parent=99"}],"curies":[{"name":"wp","href":"https:\/\/api.w.org\/{rel}","templated":true}]}}