{"id":95,"date":"2014-07-12T12:41:13","date_gmt":"2014-07-12T12:41:13","guid":{"rendered":"http:\/\/wordpress.solinger-vogelpark.de\/?page_id=95"},"modified":"2021-06-14T17:39:36","modified_gmt":"2021-06-14T17:39:36","slug":"freunde-und-sponsoren","status":"publish","type":"page","link":"http:\/\/wordpress.solinger-vogelpark.de\/?page_id=95","title":{"rendered":"Freunde und Sponsoren"},"content":{"rendered":"<p><img decoding=\"async\" src=\"http:\/\/wordpress.solinger-vogelpark.de\/wp-content\/uploads\/2014\/07\/bearb_IMG_0477.jpg\" class=\"alignnone size-full\" alt=\"Rotfuchs\"><\/p>\n<p>Wir danken allen hilfsbereiten Menschen und Firmen f\u00fcr ihre gro\u00dfz\u00fcgigen Spenden und tatkr\u00e4ftigen Unterst\u00fctzungen.<\/p>\n<p>AOK Krankenkasse<br \/>\nAllianz Versicherungen Tandogan<br \/>\nArchitekturb\u00fcro Koch-Kohlstadt, Wuppertal<br \/>\nArdo Rohrreinigung<br \/>\nAsche Ischebeck<\/p>\n<p>Crazy Car Corner KFZ-Werkstatt, Solingen<br \/>\nCugmas Maurerarbeiten, Solingen<\/p>\n<p>Dragon Textil Arbeitskleidung + Beschilderung<br \/>\nEdeka-Markt Wodarz, Solingen-Wald<br \/>\nEmons Geb\u00e4udereinigung, Solingen<\/p>\n<p>Forst Technologie, Solingen<br \/>\nFrambach Werbedesign, Solingen<br \/>\nFliesenleger Thomas Spruth, Solingen<br \/>\nFliesenmarkt Harry, Landwehr<br \/>\nFreizeitfachmarkt Gongoll, Solingen<br \/>\nFrenzel GmbH, Sanit\u00e4r und Heizung, Solingen<\/p>\n<p>Geschwister Niehoff Stiftung, Solingen<br \/>\nGl\u00e4nzer Kunststoffverarbeitung<br \/>\n<a href=\"https:\/\/fraukepohlmann.de\">Goldschmiede Pohlmann<\/a><br \/>\nGrammes Schrotthandel<br \/>\nBaustoff Grah, Solingen und Wuppertal<\/p>\n<p>Hausmeisterservice Wiesenborn, Solingen<br \/>\nHenkel AG, D\u00fcsseldorf<br \/>\nH\u00f6ller Ger\u00fcstbau, Solingen<\/p>\n<p>Kronenberg GmbH, Revisor GmbH, Solingen<\/p>\n<p>Landwirtschaftsbetrieb Ferdinand Wirtz, Hilden<\/p>\n<p>Mamma Rosa Restaurant<br \/>\nMetallbau Benno F\u00f6rster, Solingen<br \/>\nMitmachgalerie Heike Katthagen, Haan<\/p>\n<p><a href=\"http:\/\/ohligser-jongens.de\">Ohligser Jongens<\/a><\/p>\n<p>Jochen Ohrt, Schornsteinfegermeister, Solingen<\/p>\n<p>Protec, Bauwerkabdichtung, Solingen<br \/>\nProjektbau, Solingen<br \/>\nPUMA Messer, Solingen<\/p>\n<p>Raiffeisen Markt, Solingen<br \/>\nRechtsanwalt Andre Altmann, Solingen<\/p>\n<p>Scalabrin Containerdienst, Solingen<br \/>\nSchlosserei Siepen, Solingen<br \/>\nSchrinner Sanit\u00e4r- und Heizungsgro\u00dfhandel, Solingen<br \/>\nSpie\u00df Elektrotechnik, Solingen<br \/>\nStadt Solingen<br \/>\nStadt Sparkasse Solingen<br \/>\nSteuerberatungskanzlei Nowack, Solingen<br \/>\nStricker Forstbetrieb, Solingen<br \/>\nSt\u00fcttgen Dachdecker, Solingen<\/p>\n<p>Zielonka Wohnen und Leben, Solingen<br \/>\nZimmermann Klaus Mattern, Solingen<\/p>\n","protected":false},"excerpt":{"rendered":"<p>Wir danken allen hilfsbereiten Menschen und Firmen f\u00fcr ihre gro\u00dfz\u00fcgigen Spenden und tatkr\u00e4ftigen Unterst\u00fctzungen. AOK Krankenkasse Allianz Versicherungen Tandogan Architekturb\u00fcro Koch-Kohlstadt, Wuppertal Ardo Rohrreinigung Asche &hellip; <\/p>\n","protected":false},"author":1,"featured_media":0,"parent":0,"menu_order":0,"comment_status":"closed","ping_status":"closed","template":"","meta":{"footnotes":""},"class_list":["post-95","page","type-page","status-publish","hentry"],"_links":{"self":[{"href":"http:\/\/wordpress.solinger-vogelpark.de\/index.php?rest_route=\/wp\/v2\/pages\/95","targetHints":{"allow":["GET"]}}],"collection":[{"href":"http:\/\/wordpress.solinger-vogelpark.de\/index.php?rest_route=\/wp\/v2\/pages"}],"about":[{"href":"http:\/\/wordpress.solinger-vogelpark.de\/index.php?rest_route=\/wp\/v2\/types\/page"}],"author":[{"embeddable":true,"href":"http:\/\/wordpress.solinger-vogelpark.de\/index.php?rest_route=\/wp\/v2\/users\/1"}],"replies":[{"embeddable":true,"href":"http:\/\/wordpress.solinger-vogelpark.de\/index.php?rest_route=%2Fwp%2Fv2%2Fcomments&post=95"}],"version-history":[{"count":15,"href":"http:\/\/wordpress.solinger-vogelpark.de\/index.php?rest_route=\/wp\/v2\/pages\/95\/revisions"}],"predecessor-version":[{"id":597,"href":"http:\/\/wordpress.solinger-vogelpark.de\/index.php?rest_route=\/wp\/v2\/pages\/95\/revisions\/597"}],"wp:attachment":[{"href":"http:\/\/wordpress.solinger-vogelpark.de\/index.php?rest_route=%2Fwp%2Fv2%2Fmedia&parent=95"}],"curies":[{"name":"wp","href":"https:\/\/api.w.org\/{rel}","templated":true}]}}