{"id":93,"date":"2014-07-12T12:40:19","date_gmt":"2014-07-12T12:40:19","guid":{"rendered":"http:\/\/wordpress.solinger-vogelpark.de\/?page_id=93"},"modified":"2024-04-02T11:12:31","modified_gmt":"2024-04-02T11:12:31","slug":"anfahrt","status":"publish","type":"page","link":"http:\/\/wordpress.solinger-vogelpark.de\/?page_id=93","title":{"rendered":"Anfahrt"},"content":{"rendered":"<p><img decoding=\"async\" src=\"http:\/\/wordpress.solinger-vogelpark.de\/wp-content\/uploads\/2014\/07\/bearb_IMG_0105.jpg\" alt=\"20140712-161028-58228529.jpg\" class=\"alignnone size-full\" \/><\/p>\n<p><strong>Anreise mit dem Auto:<br \/>\n<\/strong><br \/>\nDer Solinger Vogelpark befindet sich am Hermann-L\u00f6ns-Weg 71 in 42697 Solingen, nahe dem Stadion.<br \/>\n<strong>-Kostenlose Parkpl\u00e4tze vor dem Eingang-<\/strong><\/p>\n<p>A3 K\u00f6ln &#8211; Oberhausen:<br \/>\nAusfahrt (20) Solingen,<br \/>\nauf B 229 Richtung SG-Ohligs,<br \/>\nweiter geradeaus auf der<br \/>\nL 288 bis SG-Ohligs<br \/>\nBeschilderung:<br \/>\n&#8218;Stadion \/ Vogelpark&#8216;<\/p>\n<p>A46 D\u00fcsseldorf Wuppertal:<br \/>\nAusfahrt (29) Haan-West\/SG-Ohligs,<br \/>\nRichtung SG-Ohligs, Beschilderung:<br \/>\n&#8218;Stadion \/ Vogelpark&#8216;<\/p>\n<p><strong>Anreise mit der Bahn:<br \/>\n<\/strong><br \/>\nVon Solingen-Hauptbahnhof oder D\u00fcsseldorf-Hbf mit der S -1 bis Haltepunkt &#8218;SG-Vogelpark&#8216;.<br \/>\nDann der Beschilderung folgen: \u00fcber &#8218;Dunkelnberger Stra\u00dfe&#8216; und &#8218;Naturpark&#8216; bis &#8218;Hermann-L\u00f6ns-Weg&#8216; ca. 700 m Fu\u00dfweg.<\/p>\n<p><strong>Anreise mit dem Bus:<br \/>\n<\/strong><br \/>\nVon Solingen-Hauptbahnhof mit der Linie 691 Richtung St.-Lukas-Klinik<br \/>\nbis Haltestelle &#8218;Dunkelnberg&#8216;.<br \/>\nDann der Allee &#8218;Hermann-L\u00f6ns-Weg&#8216; ca. 400 m folgen.<\/p>\n","protected":false},"excerpt":{"rendered":"<p>Anreise mit dem Auto: Der Solinger Vogelpark befindet sich am Hermann-L\u00f6ns-Weg 71 in 42697 Solingen, nahe dem Stadion. -Kostenlose Parkpl\u00e4tze vor dem Eingang- A3 K\u00f6ln &hellip; <\/p>\n","protected":false},"author":1,"featured_media":0,"parent":754,"menu_order":2,"comment_status":"closed","ping_status":"closed","template":"","meta":{"footnotes":""},"class_list":["post-93","page","type-page","status-publish","hentry"],"_links":{"self":[{"href":"http:\/\/wordpress.solinger-vogelpark.de\/index.php?rest_route=\/wp\/v2\/pages\/93","targetHints":{"allow":["GET"]}}],"collection":[{"href":"http:\/\/wordpress.solinger-vogelpark.de\/index.php?rest_route=\/wp\/v2\/pages"}],"about":[{"href":"http:\/\/wordpress.solinger-vogelpark.de\/index.php?rest_route=\/wp\/v2\/types\/page"}],"author":[{"embeddable":true,"href":"http:\/\/wordpress.solinger-vogelpark.de\/index.php?rest_route=\/wp\/v2\/users\/1"}],"replies":[{"embeddable":true,"href":"http:\/\/wordpress.solinger-vogelpark.de\/index.php?rest_route=%2Fwp%2Fv2%2Fcomments&post=93"}],"version-history":[{"count":3,"href":"http:\/\/wordpress.solinger-vogelpark.de\/index.php?rest_route=\/wp\/v2\/pages\/93\/revisions"}],"predecessor-version":[{"id":134,"href":"http:\/\/wordpress.solinger-vogelpark.de\/index.php?rest_route=\/wp\/v2\/pages\/93\/revisions\/134"}],"up":[{"embeddable":true,"href":"http:\/\/wordpress.solinger-vogelpark.de\/index.php?rest_route=\/wp\/v2\/pages\/754"}],"wp:attachment":[{"href":"http:\/\/wordpress.solinger-vogelpark.de\/index.php?rest_route=%2Fwp%2Fv2%2Fmedia&parent=93"}],"curies":[{"name":"wp","href":"https:\/\/api.w.org\/{rel}","templated":true}]}}