{"id":34,"date":"2014-06-05T17:01:06","date_gmt":"2014-06-05T17:01:06","guid":{"rendered":"http:\/\/wordpress.solinger-vogelpark.de\/?page_id=34"},"modified":"2024-04-02T16:14:40","modified_gmt":"2024-04-02T16:14:40","slug":"die-geschichte-des-parks","status":"publish","type":"page","link":"http:\/\/wordpress.solinger-vogelpark.de\/?page_id=34","title":{"rendered":"Die Geschichte des Parks"},"content":{"rendered":"<p class=\"s4\" style=\"margin-top: 5px; margin-bottom: 5px; line-height: 21.600000381469727px; caret-color: rgb(0, 0, 0); color: rgb(0, 0, 0); font-family: -webkit-standard; font-size: 18px; font-style: normal; font-variant-caps: normal; font-weight: normal; letter-spacing: normal; orphans: auto; text-align: start; text-indent: 0px; text-transform: none; white-space: normal; widows: auto; word-spacing: 0px; -webkit-tap-highlight-color: rgba(26, 26, 26, 0.301961); -webkit-text-size-adjust: none; -webkit-text-stroke-width: 0px; text-decoration: none\"><span class=\"s2\" style=\"line-height: 14.399999618530273px; font-size: 12px\"><span class=\"bumpedFont15\" style=\"line-height: 21.600000381469727px; font-size: 1.5em\">Ein \u201cKanarienverein\u201d aus dem Jahre 1923 zeigte in Ohligs auf einem kleinen \u201centw\u00e4sserten Gel\u00e4nde in wenigen K\u00e4figen seine V\u00f6gel\u201d \u2013 so begann die Geschichte.<\/span><\/span><\/p>\n<p class=\"s4\" style=\"margin-top: 5px; margin-bottom: 5px; line-height: 21.600000381469727px; caret-color: rgb(0, 0, 0); color: rgb(0, 0, 0); font-family: -webkit-standard; font-size: 18px; font-style: normal; font-variant-caps: normal; font-weight: normal; letter-spacing: normal; orphans: auto; text-align: start; text-indent: 0px; text-transform: none; white-space: normal; widows: auto; word-spacing: 0px; -webkit-tap-highlight-color: rgba(26, 26, 26, 0.301961); -webkit-text-size-adjust: none; -webkit-text-stroke-width: 0px; text-decoration: none\"><span class=\"s2\" style=\"line-height: 14.399999618530273px; font-size: 12px\"><span class=\"bumpedFont15\" style=\"line-height: 21.600000381469727px; font-size: 1.5em\">Nachfolgend im Jahre 1927 wurde dann von diesen Vogelliebhabern der \u201cOhligser Vogelpark\u201d gegr\u00fcndet. Der B\u00fcrgermeister Sauerbrey hatte seinerzeit die Gr\u00fcndung des Vereins unterst\u00fctzt und ein Grundst\u00fcck (ein ehemaliger Schulgarten) nahe der Ohligser Heide zur Verf\u00fcgung gestellt.<\/span><\/span><\/p>\n<p class=\"s4\" style=\"margin-top: 5px; margin-bottom: 5px; line-height: 21.600000381469727px; caret-color: rgb(0, 0, 0); color: rgb(0, 0, 0); font-family: -webkit-standard; font-size: 18px; font-style: normal; font-variant-caps: normal; font-weight: normal; letter-spacing: normal; orphans: auto; text-align: start; text-indent: 0px; text-transform: none; white-space: normal; widows: auto; word-spacing: 0px; -webkit-tap-highlight-color: rgba(26, 26, 26, 0.301961); -webkit-text-size-adjust: none; -webkit-text-stroke-width: 0px; text-decoration: none\"><span class=\"s2\" style=\"line-height: 14.399999618530273px; font-size: 12px\"><span class=\"bumpedFont15\" style=\"line-height: 21.600000381469727px; font-size: 1.5em\">Es wurden damals vorwiegend einheimische Vogelarten pr\u00e4sentiert, 10 Jahre sp\u00e4ter kamen exotische Arten dazu. Zu dieser Zeit stand auch noch ein \u201cTeichgel\u00e4nde\u201d zur Verf\u00fcgung, das f\u00fcr die Besucher durchaus interessant war.<br \/>\nHeute ist dieser Bereich nicht mehr zug\u00e4nglich. Das Parkgel\u00e4nde war seinerzeit 3,8 Hektar gro\u00df.<\/span><\/span><\/p>\n<p class=\"s4\" style=\"margin-top: 5px; margin-bottom: 5px; line-height: 21.600000381469727px; caret-color: rgb(0, 0, 0); color: rgb(0, 0, 0); font-family: -webkit-standard; font-size: 18px; font-style: normal; font-variant-caps: normal; font-weight: normal; letter-spacing: normal; orphans: auto; text-align: start; text-indent: 0px; text-transform: none; white-space: normal; widows: auto; word-spacing: 0px; -webkit-tap-highlight-color: rgba(26, 26, 26, 0.301961); -webkit-text-size-adjust: none; -webkit-text-stroke-width: 0px; text-decoration: none\"><span class=\"s2\" style=\"line-height: 14.399999618530273px; font-size: 12px\"><span class=\"bumpedFont15\" style=\"line-height: 21.600000381469727px; font-size: 1.5em\">W\u00e4hrend des Dritten Reiches wurde der Park \/ Verein enteignet und erst 1945 wieder aufgebaut. Leider sind alle damaligen Vereinsunterlagen durch die Kriegswirren des Zweiten Weltkrieges verloren gegangen.<br \/>\nDer Eintritt kostete seinerzeit noch 30 Pfennig (das sind heute ca. 25 Cent), und im Herbst und Winter war der Park geschlossen.<br \/>\nDie Zeiten \u00e4ndern sich und im so genannten \u201cVogelpark\u201d sind heute Tiere aus aller Welt zu besichtigen.<\/span><\/span><\/p>\n<p class=\"s4\" style=\"margin-top: 5px; margin-bottom: 5px; line-height: 21.600000381469727px; caret-color: rgb(0, 0, 0); color: rgb(0, 0, 0); font-family: -webkit-standard; font-size: 18px; font-style: normal; font-variant-caps: normal; font-weight: normal; letter-spacing: normal; orphans: auto; text-align: start; text-indent: 0px; text-transform: none; white-space: normal; widows: auto; word-spacing: 0px; -webkit-tap-highlight-color: rgba(26, 26, 26, 0.301961); -webkit-text-size-adjust: none; -webkit-text-stroke-width: 0px; text-decoration: none\"><span class=\"s2\" style=\"line-height: 14.399999618530273px; font-size: 12px\"><span class=\"bumpedFont15\" style=\"line-height: 21.600000381469727px; font-size: 1.5em\">Servale, Lamas und als besonderes Highlight unser Albino-K\u00e4nguru \u201cLumpi\u201d sind ebenso zu bestaunen wie Nasenb\u00e4ren, Maras, Ziegen, Ponys, Esel und nat\u00fcrlich viele Papageien.<br \/>\n<\/span><\/span><\/p>\n<p class=\"s4\" style=\"margin-top: 5px; margin-bottom: 5px; line-height: 21.600000381469727px; caret-color: rgb(0, 0, 0); color: rgb(0, 0, 0); font-family: -webkit-standard; font-size: 18px; font-style: normal; font-variant-caps: normal; font-weight: normal; letter-spacing: normal; orphans: auto; text-align: start; text-indent: 0px; text-transform: none; white-space: normal; widows: auto; word-spacing: 0px; -webkit-tap-highlight-color: rgba(26, 26, 26, 0.301961); -webkit-text-size-adjust: none; -webkit-text-stroke-width: 0px; text-decoration: none\"><span class=\"s2\" style=\"line-height: 14.399999618530273px; font-size: 12px\"><span class=\"bumpedFont15\" style=\"line-height: 21.600000381469727px; font-size: 1.5em\">Es gab in den vergangenen Zeiten immer wieder finanzielle Notst\u00e4nde, besonders auch durch nicht zu verleugnende Misswirtschaft in den letzten Jahren bis ins Jahr 2009.<\/span><\/span><\/p>\n<p class=\"s4\" style=\"margin-top: 5px; margin-bottom: 5px; line-height: 21.600000381469727px; caret-color: rgb(0, 0, 0); color: rgb(0, 0, 0); font-family: -webkit-standard; font-size: 18px; font-style: normal; font-variant-caps: normal; font-weight: normal; letter-spacing: normal; orphans: auto; text-align: start; text-indent: 0px; text-transform: none; white-space: normal; widows: auto; word-spacing: 0px; -webkit-tap-highlight-color: rgba(26, 26, 26, 0.301961); -webkit-text-size-adjust: none; -webkit-text-stroke-width: 0px; text-decoration: none\"><span class=\"s2\" style=\"line-height: 14.399999618530273px; font-size: 12px\"><span class=\"bumpedFont15\" style=\"line-height: 21.600000381469727px; font-size: 1.5em\">So ist der Verein \u201cSolinger Vogel- und Tierpark e. V.\u201d 2009 in die Insolvenz gegangen, und der damalige Freundeskreis \u201cFreunde und F\u00f6rderer Ohligser Vogelpark e. V.\u201d hat das Parkgel\u00e4nde \u00fcbernommen und ist dabei, alles wieder instand zu setzen<\/span><\/span><span class=\"s2\" style=\"line-height: 14.399999618530273px; font-size: 12px\"><span class=\"bumpedFont15\" style=\"line-height: 21.600000381469727px; font-size: 1.5em\"><span class=\"Apple-converted-space\">&nbsp;<\/span><\/span><\/span><span class=\"s2\" style=\"line-height: 14.399999618530273px; font-size: 12px\"><span class=\"bumpedFont15\" style=\"line-height: 21.600000381469727px; font-size: 1.5em\">oder<\/span><\/span><span class=\"s2\" style=\"line-height: 14.399999618530273px; font-size: 12px\"><span class=\"bumpedFont15\" style=\"line-height: 21.600000381469727px; font-size: 1.5em\"><span class=\"Apple-converted-space\">&nbsp;<\/span><\/span><\/span><span class=\"s2\" style=\"line-height: 14.399999618530273px; font-size: 12px\"><span class=\"bumpedFont15\" style=\"line-height: 21.600000381469727px; font-size: 1.5em\">neu zu bauen. Einiges haben wir auch schon geschafft<\/span><\/span><span class=\"s2\" style=\"line-height: 14.399999618530273px; font-size: 12px\"><span class=\"bumpedFont15\" style=\"line-height: 21.600000381469727px; font-size: 1.5em\">,<\/span><\/span><span class=\"s2\" style=\"line-height: 14.399999618530273px; font-size: 12px\"><span class=\"bumpedFont15\" style=\"line-height: 21.600000381469727px; font-size: 1.5em\"><span class=\"Apple-converted-space\">&nbsp;<\/span><\/span><\/span><span class=\"s2\" style=\"line-height: 14.399999618530273px; font-size: 12px\"><span class=\"bumpedFont15\" style=\"line-height: 21.600000381469727px; font-size: 1.5em\">zuletzt der Neubau einer Gro\u00dfvoliere f\u00fcr Aras und den Umbau des Vogelhauses (2018).<\/span><\/span><span class=\"s2\" style=\"line-height: 14.399999618530273px; font-size: 12px\"><span class=\"bumpedFont15\" style=\"line-height: 21.600000381469727px; font-size: 1.5em\"><span class=\"Apple-converted-space\">&nbsp;<\/span><\/span><\/span><span class=\"s2\" style=\"line-height: 14.399999618530273px; font-size: 12px\"><span class=\"bumpedFont15\" style=\"line-height: 21.600000381469727px; font-size: 1.5em\">Seit August 2014<\/span><\/span><span class=\"s2\" style=\"line-height: 14.399999618530273px; font-size: 12px\"><span class=\"bumpedFont15\" style=\"line-height: 21.600000381469727px; font-size: 1.5em\"><span class=\"Apple-converted-space\">&nbsp;<\/span><\/span><\/span><span class=\"s2\" style=\"line-height: 14.399999618530273px; font-size: 12px\"><span class=\"bumpedFont15\" style=\"line-height: 21.600000381469727px; font-size: 1.5em\">wurde ein kleiner lange nicht genutzter Teil des Parks wieder zug\u00e4nglich gemacht,<\/span><\/span><span class=\"s2\" style=\"line-height: 14.399999618530273px; font-size: 12px\"><span class=\"bumpedFont15\" style=\"line-height: 21.600000381469727px; font-size: 1.5em\"><span class=\"Apple-converted-space\">&nbsp;<\/span><\/span><\/span><span class=\"s2\" style=\"line-height: 14.399999618530273px; font-size: 12px\"><span class=\"bumpedFont15\" style=\"line-height: 21.600000381469727px; font-size: 1.5em\">in dem neue Anlagen f\u00fcr die F\u00fcchse, S<\/span><\/span><span class=\"s2\" style=\"line-height: 14.399999618530273px; font-size: 12px\"><span class=\"bumpedFont15\" style=\"line-height: 21.600000381469727px; font-size: 1.5em\">tinktiere und Turkmenischen Uhu<\/span><\/span><span class=\"s2\" style=\"line-height: 14.399999618530273px; font-size: 12px\"><span class=\"bumpedFont15\" style=\"line-height: 21.600000381469727px; font-size: 1.5em\"><span class=\"Apple-converted-space\">&nbsp;<\/span><\/span><\/span><span class=\"s2\" style=\"line-height: 14.399999618530273px; font-size: 12px\"><span class=\"bumpedFont15\" style=\"line-height: 21.600000381469727px; font-size: 1.5em\">entstanden sind.<\/span><\/span><\/p>\n<p class=\"s4\" style=\"margin-top: 5px; margin-bottom: 5px; line-height: 21.600000381469727px; caret-color: rgb(0, 0, 0); color: rgb(0, 0, 0); font-family: -webkit-standard; font-size: 18px; font-style: normal; font-variant-caps: normal; font-weight: normal; letter-spacing: normal; orphans: auto; text-align: start; text-indent: 0px; text-transform: none; white-space: normal; widows: auto; word-spacing: 0px; -webkit-tap-highlight-color: rgba(26, 26, 26, 0.301961); -webkit-text-size-adjust: none; -webkit-text-stroke-width: 0px; text-decoration: none\"><span class=\"s2\" style=\"line-height: 14.399999618530273px; font-size: 12px\"><span class=\"bumpedFont15\" style=\"line-height: 21.600000381469727px; font-size: 1.5em\">Des weiteren ist der Park inzwischen Mitglied im GEH e.V. und hat begonnen auch alte vor dem Aussterben bedrohte Haustierarten zu zeigen und zu z\u00fcchten. Z.B. Th\u00fcringer Wald Ziegen, Cr\u00f6llwitzer Puten u.a.<\/span><\/span><\/p>\n<p class=\"s4\" style=\"margin-top: 5px; margin-bottom: 5px; line-height: 21.600000381469727px; caret-color: rgb(0, 0, 0); color: rgb(0, 0, 0); font-family: -webkit-standard; font-size: 18px; font-style: normal; font-variant-caps: normal; font-weight: normal; letter-spacing: normal; orphans: auto; text-align: start; text-indent: 0px; text-transform: none; white-space: normal; widows: auto; word-spacing: 0px; -webkit-tap-highlight-color: rgba(26, 26, 26, 0.301961); -webkit-text-size-adjust: none; -webkit-text-stroke-width: 0px; text-decoration: none\"><span class=\"s2\" style=\"line-height: 14.399999618530273px; font-size: 12px\"><span class=\"bumpedFont15\" style=\"line-height: 21.600000381469727px; font-size: 1.5em\">Zurzeit<\/span><\/span> <span class=\"s2\" style=\"line-height: 14.399999618530273px; font-size: 12px\"><span class=\"bumpedFont15\" style=\"line-height: 21.600000381469727px; font-size: 1.5em\">sind<\/span><\/span><span class=\"s2\" style=\"line-height: 14.399999618530273px; font-size: 12px\"><span class=\"bumpedFont15\" style=\"line-height: 21.600000381469727px; font-size: 1.5em\"><span class=\"Apple-converted-space\">&nbsp;<\/span><\/span><\/span><span class=\"s2\" style=\"line-height: 14.399999618530273px; font-size: 12px\"><span class=\"bumpedFont15\" style=\"line-height: 21.600000381469727px; font-size: 1.5em\">sechs<\/span><\/span><span class=\"s2\" style=\"line-height: 14.399999618530273px; font-size: 12px\"><span class=\"bumpedFont15\" style=\"line-height: 21.600000381469727px; font-size: 1.5em\"><span class=\"Apple-converted-space\">&nbsp;<\/span><\/span><\/span><span class=\"s2\" style=\"line-height: 14.399999618530273px; font-size: 12px\"><span class=\"bumpedFont15\" style=\"line-height: 21.600000381469727px; font-size: 1.5em\">Tierpfleger,<\/span><\/span><span class=\"s2\" style=\"line-height: 14.399999618530273px; font-size: 12px\"><span class=\"bumpedFont15\" style=\"line-height: 21.600000381469727px; font-size: 1.5em\"><span class=\"Apple-converted-space\">&nbsp;<\/span><\/span><\/span><span class=\"s2\" style=\"line-height: 14.399999618530273px; font-size: 12px\"><span class=\"bumpedFont15\" style=\"line-height: 21.600000381469727px; font-size: 1.5em\">ein<\/span><\/span><span class=\"s2\" style=\"line-height: 14.399999618530273px; font-size: 12px\"><span class=\"bumpedFont15\" style=\"line-height: 21.600000381469727px; font-size: 1.5em\"><span class=\"Apple-converted-space\">&nbsp;<\/span><\/span><\/span><span class=\"s2\" style=\"line-height: 14.399999618530273px; font-size: 12px\"><span class=\"bumpedFont15\" style=\"line-height: 21.600000381469727px; font-size: 1.5em\">Auszubildende<\/span><\/span><span class=\"s2\" style=\"line-height: 14.399999618530273px; font-size: 12px\"><span class=\"bumpedFont15\" style=\"line-height: 21.600000381469727px; font-size: 1.5em\">r<\/span><\/span><span class=\"s2\" style=\"line-height: 14.399999618530273px; font-size: 12px\"><span class=\"bumpedFont15\" style=\"line-height: 21.600000381469727px; font-size: 1.5em\"><span class=\"Apple-converted-space\">&nbsp;<\/span><\/span><\/span><span class=\"s2\" style=\"line-height: 14.399999618530273px; font-size: 12px\"><span class=\"bumpedFont15\" style=\"line-height: 21.600000381469727px; font-size: 1.5em\">und ein<\/span><\/span><span class=\"s2\" style=\"line-height: 14.399999618530273px; font-size: 12px\"><span class=\"bumpedFont15\" style=\"line-height: 21.600000381469727px; font-size: 1.5em\">EQ-Praktikant<\/span><\/span><span class=\"s2\" style=\"line-height: 14.399999618530273px; font-size: 12px\"><span class=\"bumpedFont15\" style=\"line-height: 21.600000381469727px; font-size: 1.5em\"><span class=\"Apple-converted-space\">&nbsp;<\/span><\/span><\/span><span class=\"s2\" style=\"line-height: 14.399999618530273px; font-size: 12px\"><span class=\"bumpedFont15\" style=\"line-height: 21.600000381469727px; font-size: 1.5em\">besch\u00e4ftigt, die sich t\u00e4glich um eine artgerechte Haltung aller Tiere k\u00fcmmern.<br \/>\nIn den letzten Jahren haben wir auch F\u00fchrungen f\u00fcr die Kleinen und die Gro\u00dfen im Angebot, so dass man einmal hautnah die Tiere des Vogel- und Tierparks kennen lernen kann.<\/span><\/span><\/p>\n<p class=\"s4\" style=\"margin-top: 5px; margin-bottom: 5px; line-height: 21.600000381469727px; caret-color: rgb(0, 0, 0); color: rgb(0, 0, 0); font-family: -webkit-standard; font-size: 18px; font-style: normal; font-variant-caps: normal; font-weight: normal; letter-spacing: normal; orphans: auto; text-align: start; text-indent: 0px; text-transform: none; white-space: normal; widows: auto; word-spacing: 0px; -webkit-tap-highlight-color: rgba(26, 26, 26, 0.301961); -webkit-text-size-adjust: none; -webkit-text-stroke-width: 0px; text-decoration: none\"><span class=\"s2\" style=\"line-height: 14.399999618530273px; font-size: 12px\"><span class=\"bumpedFont15\" style=\"line-height: 21.600000381469727px; font-size: 1.5em\">Der Park ist Bestandteil des Naturschutzgebietes Ohligser Heide, ca. 1,5 Hektar gro\u00df und bietet ein gutes Freizeitangebot (besonders f\u00fcr Kinder).<br \/>\nCa. 65.000 Besucher kommen im Jahr und es gibt sogar eine S-Bahn-Haltestelle Solingen-Vogelpark (S 1).<\/span><\/span><\/p>\n<p class=\"s4\" style=\"margin-top: 5px; margin-bottom: 5px; line-height: 21.600000381469727px; caret-color: rgb(0, 0, 0); color: rgb(0, 0, 0); font-family: -webkit-standard; font-size: 18px; font-style: normal; font-variant-caps: normal; font-weight: normal; letter-spacing: normal; orphans: auto; text-align: start; text-indent: 0px; text-transform: none; white-space: normal; widows: auto; word-spacing: 0px; -webkit-tap-highlight-color: rgba(26, 26, 26, 0.301961); -webkit-text-size-adjust: none; -webkit-text-stroke-width: 0px; text-decoration: none\"><span class=\"s2\" style=\"line-height: 14.399999618530273px; font-size: 12px\"><span class=\"bumpedFont15\" style=\"line-height: 21.600000381469727px; font-size: 1.5em\">Der Kiosk im Park<\/span><\/span><span class=\"s2\" style=\"line-height: 14.399999618530273px; font-size: 12px\"><span class=\"bumpedFont15\" style=\"line-height: 21.600000381469727px; font-size: 1.5em\">, direkt am Spielplatz gelegen,<\/span><\/span><span class=\"s2\" style=\"line-height: 14.399999618530273px; font-size: 12px\"><span class=\"bumpedFont15\" style=\"line-height: 21.600000381469727px; font-size: 1.5em\"><span class=\"Apple-converted-space\">&nbsp;<\/span><\/span><\/span><span class=\"s2\" style=\"line-height: 14.399999618530273px; font-size: 12px\"><span class=\"bumpedFont15\" style=\"line-height: 21.600000381469727px; font-size: 1.5em\">bietet allerlei f\u00fcr die Besucher.<\/span><\/span><\/p>\n<p style=\"margin-top: 0px; margin-bottom: 0px; line-height: 21.600000381469727px; caret-color: rgb(0, 0, 0); color: rgb(0, 0, 0); font-family: -webkit-standard; font-size: 18px; font-style: normal; font-variant-caps: normal; font-weight: normal; letter-spacing: normal; orphans: auto; text-align: start; text-indent: 0px; text-transform: none; white-space: normal; widows: auto; word-spacing: 0px; -webkit-tap-highlight-color: rgba(26, 26, 26, 0.301961); -webkit-text-size-adjust: none; -webkit-text-stroke-width: 0px; text-decoration: none\"><span style=\"line-height: 21.600000381469727px\">&nbsp;<\/span><\/p>\n","protected":false},"excerpt":{"rendered":"<p>Ein \u201cKanarienverein\u201d aus dem Jahre 1923 zeigte in Ohligs auf einem kleinen \u201centw\u00e4sserten Gel\u00e4nde in wenigen K\u00e4figen seine V\u00f6gel\u201d \u2013 so begann die Geschichte. Nachfolgend &hellip; <\/p>\n","protected":false},"author":1,"featured_media":787,"parent":754,"menu_order":4,"comment_status":"closed","ping_status":"closed","template":"","meta":{"footnotes":""},"class_list":["post-34","page","type-page","status-publish","has-post-thumbnail","hentry"],"_links":{"self":[{"href":"http:\/\/wordpress.solinger-vogelpark.de\/index.php?rest_route=\/wp\/v2\/pages\/34","targetHints":{"allow":["GET"]}}],"collection":[{"href":"http:\/\/wordpress.solinger-vogelpark.de\/index.php?rest_route=\/wp\/v2\/pages"}],"about":[{"href":"http:\/\/wordpress.solinger-vogelpark.de\/index.php?rest_route=\/wp\/v2\/types\/page"}],"author":[{"embeddable":true,"href":"http:\/\/wordpress.solinger-vogelpark.de\/index.php?rest_route=\/wp\/v2\/users\/1"}],"replies":[{"embeddable":true,"href":"http:\/\/wordpress.solinger-vogelpark.de\/index.php?rest_route=%2Fwp%2Fv2%2Fcomments&post=34"}],"version-history":[{"count":13,"href":"http:\/\/wordpress.solinger-vogelpark.de\/index.php?rest_route=\/wp\/v2\/pages\/34\/revisions"}],"predecessor-version":[{"id":788,"href":"http:\/\/wordpress.solinger-vogelpark.de\/index.php?rest_route=\/wp\/v2\/pages\/34\/revisions\/788"}],"up":[{"embeddable":true,"href":"http:\/\/wordpress.solinger-vogelpark.de\/index.php?rest_route=\/wp\/v2\/pages\/754"}],"wp:featuredmedia":[{"embeddable":true,"href":"http:\/\/wordpress.solinger-vogelpark.de\/index.php?rest_route=\/wp\/v2\/media\/787"}],"wp:attachment":[{"href":"http:\/\/wordpress.solinger-vogelpark.de\/index.php?rest_route=%2Fwp%2Fv2%2Fmedia&parent=34"}],"curies":[{"name":"wp","href":"https:\/\/api.w.org\/{rel}","templated":true}]}}