{"id":25,"date":"2014-06-04T07:25:16","date_gmt":"2014-06-04T07:25:16","guid":{"rendered":"http:\/\/wordpress.solinger-vogelpark.de\/?page_id=25"},"modified":"2026-03-11T18:44:58","modified_gmt":"2026-03-11T18:44:58","slug":"herzlich-willkommen-2","status":"publish","type":"page","link":"http:\/\/wordpress.solinger-vogelpark.de\/","title":{"rendered":"Herzlich Willkommen beim Solinger Vogel- und Tierpark!"},"content":{"rendered":"\n<h2 class=\"wp-block-heading has-text-color has-link-color wp-elements-35aaacc6a0f73a8c1af9b422ac4bb6f6\" style=\"color:#ccb265\"><strong>Als Dank f\u00fcr all die Hilfe, die uns zuteil geworden ist, laden wir Sie und Euch herzlich ein, am 26.12.2026 kostenfrei in den Park zu kommen!<\/strong><\/h2>\n\n\n\n<p><strong>Wir freuen uns aber immer noch \u00fcber jede Spende, die uns hilft, den Park weiter erhalten und in die Zukunft f\u00fchren zu k\u00f6nnen! Vielen Dank f\u00fcr Ihre Unterst\u00fctzung. Bitte richten Sie Ihre Spende an:<\/strong><\/p>\n\n\n\n<p>Freunde und F\u00f6rderer Ohligser Vogelpark e.V.<br>IBAN DE72 3425 0000 0001 1538 08<br>BIC SOLSDE33XXX<br>Stadtsparkasse Solingen<\/p>\n\n\n\n<p>Der Solinger Vogel- und Tierpark, im Gr\u00fcndungsjahr 1927 auch Ohligser Vogelpark genannt, befindet sich am Rande des Naturschutzgebietes Ohligser Heide, zwischen Hilden und Solingen. Der Park, ca. 1,5 Hektar gro\u00df, ist leicht mit Bahn, Bus oder Auto zu erreichen. Mit seinen rund 300 Tieren aus ca. 80 Arten, einem tollen Spielplatz mit Streichelzoo und einer kleinen Gastronomie, ist er f\u00fcr Jung und Alt geeignet, auch Hunde sind willkommen. Vor oder nach dem Parkbesuch lohnt sich ein Spaziergang durch die Ohligser Heide.<\/p>\n\n\n<div class=\"wp-block-image\">\n<figure class=\"aligncenter size-full\"><a href=\"http:\/\/wordpress.solinger-vogelpark.de\/?page_id=854\"><img loading=\"lazy\" decoding=\"async\" width=\"500\" height=\"464\" src=\"http:\/\/wordpress.solinger-vogelpark.de\/wp-content\/uploads\/2025\/01\/logo-herzenssache_vogelpark-1.png\" alt=\"\" class=\"wp-image-857\" srcset=\"http:\/\/wordpress.solinger-vogelpark.de\/wp-content\/uploads\/2025\/01\/logo-herzenssache_vogelpark-1.png 500w, http:\/\/wordpress.solinger-vogelpark.de\/wp-content\/uploads\/2025\/01\/logo-herzenssache_vogelpark-1-300x278.png 300w\" sizes=\"auto, (max-width: 500px) 100vw, 500px\" \/><\/a><\/figure><\/div>\n\n\n<p><strong>Neue Unterst\u00fctzungsaktion f\u00fcr den Solinger Vogel- und Tierpark: Herzenssache Vogelpark<\/strong><\/p>\n\n\n\n<p>Der Spendenaufruf \u201eHerzenssache Vogelpark\u201c startete im Dezember 2024, nachdem Mitglieder des Vogel- und Tierparks feststellten, dass die Sozialr\u00e4ume der Mitarbeiter dringend sanierungsbed\u00fcrftig sind. Die Sozialr\u00e4ume befinden sich in einem so maroden Geb\u00e4ude, dass schon alleine aus Kostengr\u00fcnden an einen Neubau zu denken ist. Der Vogelpark verf\u00fcgt \u00fcber ausreichend Fl\u00e4che, um dieses Vorhaben zu realisieren\u2026<a href=\"http:\/\/wordpress.solinger-vogelpark.de\/herzenssache-vogelpark\"> <\/a><a href=\"http:\/\/wordpress.solinger-vogelpark.de\/?page_id=854\">[Mehr lesen]<\/a><\/p>\n","protected":false},"excerpt":{"rendered":"<p>Als Dank f\u00fcr all die Hilfe, die uns zuteil geworden ist, laden wir Sie und Euch herzlich ein, am 26.12.2026 kostenfrei in den Park zu &hellip; <\/p>\n","protected":false},"author":1,"featured_media":0,"parent":0,"menu_order":0,"comment_status":"closed","ping_status":"closed","template":"","meta":{"footnotes":""},"class_list":["post-25","page","type-page","status-publish","hentry"],"_links":{"self":[{"href":"http:\/\/wordpress.solinger-vogelpark.de\/index.php?rest_route=\/wp\/v2\/pages\/25","targetHints":{"allow":["GET"]}}],"collection":[{"href":"http:\/\/wordpress.solinger-vogelpark.de\/index.php?rest_route=\/wp\/v2\/pages"}],"about":[{"href":"http:\/\/wordpress.solinger-vogelpark.de\/index.php?rest_route=\/wp\/v2\/types\/page"}],"author":[{"embeddable":true,"href":"http:\/\/wordpress.solinger-vogelpark.de\/index.php?rest_route=\/wp\/v2\/users\/1"}],"replies":[{"embeddable":true,"href":"http:\/\/wordpress.solinger-vogelpark.de\/index.php?rest_route=%2Fwp%2Fv2%2Fcomments&post=25"}],"version-history":[{"count":115,"href":"http:\/\/wordpress.solinger-vogelpark.de\/index.php?rest_route=\/wp\/v2\/pages\/25\/revisions"}],"predecessor-version":[{"id":955,"href":"http:\/\/wordpress.solinger-vogelpark.de\/index.php?rest_route=\/wp\/v2\/pages\/25\/revisions\/955"}],"wp:attachment":[{"href":"http:\/\/wordpress.solinger-vogelpark.de\/index.php?rest_route=%2Fwp%2Fv2%2Fmedia&parent=25"}],"curies":[{"name":"wp","href":"https:\/\/api.w.org\/{rel}","templated":true}]}}