{"id":172,"date":"2014-07-12T20:39:28","date_gmt":"2014-07-12T20:39:28","guid":{"rendered":"http:\/\/wordpress.solinger-vogelpark.de\/?page_id=172"},"modified":"2024-04-02T11:18:08","modified_gmt":"2024-04-02T11:18:08","slug":"kontakt","status":"publish","type":"page","link":"http:\/\/wordpress.solinger-vogelpark.de\/?page_id=172","title":{"rendered":"Kontakt"},"content":{"rendered":"<p>Sie haben Fragen, Anregungen oder eventuell eine Kritik?<br \/>\nDann schreiben Sie uns!<br \/>\nWir sind f\u00fcr alles offen und beantworten Ihre Nachricht mit gro\u00dfem Interesse.<\/p>\n<p>Solinger Vogel- und Tierpark<br \/>\nHermann-L\u00f6ns-Weg 71<br \/>\n42697 Solingen<br \/>\nTelefon: 02 12-7 59 36<br \/>\nTelefax: 02 12-3 83 48 64<\/p>\n<p>Per E-Mail erreichen Sie uns wie folgt:<\/p>\n<p>E-Mail Vorstand: <a href=\"mailto:vorstand@solinger-vogelpark.de\">vorstand@solinger-vogelpark.de<\/a><\/p>\n<p>E-Mail leitende Tierpflege: <a href=\"mailto:j.heinrich@solinger-vogelpark.de\">j.heinrich@solinger-vogelpark.de<\/a><\/p>\n<p>E-Mail f\u00fcr allgemeine Anfragen: <a href=\"mailto:info@solinger-vogelpark.de\">info@solinger-vogelpark.de<\/a><\/p>\n<p>Oder nutzen Sie unser <strong><a href=\"http:\/\/wordpress.solinger-vogelpark.de\/?page_id=165\" title=\"Allgemeine Anfragen\">Online-Formular<\/a><\/strong> f\u00fcr allgemeine Anfragen.<\/p>\n<p>Anfragen f\u00fcr die Nutzung unseres Luchsbaus f\u00fcr Ihre Feier k\u00f6nnen sie gern \u00fcber unser <strong><a href=\"http:\/\/wordpress.solinger-vogelpark.de\/?page_id=169\" title=\"Anfragen f\u00fcr den Luchsbau\">Online-Formular<\/a><\/strong> an uns richten.<\/p>\n<p><strong>Unsere Facebook-Seite<\/strong>&nbsp;finden Sie unter: https:\/\/www.facebook.com\/Solinger-Vogel-und-Tierpark-938155012897724<\/p>\n<p><strong>Bankverbindung:<\/strong><br \/>\nFreunde und F\u00f6rderer Ohligser Vogelpark e.V.<br \/>\nIBAN DE72342500000001153808<br \/>\nBIC SOLSDE33XXX<br \/>\nStadtsparkasse Solingen<\/p>\n<p><strong>PayPal:<\/strong><br \/>\nj.heinrich@solinger-vogelpark.de<\/p>\n<p><img decoding=\"async\" src=\"http:\/\/wordpress.solinger-vogelpark.de\/wp-content\/uploads\/2014\/07\/bearb_DSC_9405.jpg\" class=\"alignnone size-full\" alt=\"Trauerschwan\"><\/p>\n","protected":false},"excerpt":{"rendered":"<p>Sie haben Fragen, Anregungen oder eventuell eine Kritik? Dann schreiben Sie uns! Wir sind f\u00fcr alles offen und beantworten Ihre Nachricht mit gro\u00dfem Interesse. Solinger &hellip; <\/p>\n","protected":false},"author":1,"featured_media":0,"parent":754,"menu_order":7,"comment_status":"closed","ping_status":"closed","template":"","meta":{"footnotes":""},"class_list":["post-172","page","type-page","status-publish","hentry"],"_links":{"self":[{"href":"http:\/\/wordpress.solinger-vogelpark.de\/index.php?rest_route=\/wp\/v2\/pages\/172","targetHints":{"allow":["GET"]}}],"collection":[{"href":"http:\/\/wordpress.solinger-vogelpark.de\/index.php?rest_route=\/wp\/v2\/pages"}],"about":[{"href":"http:\/\/wordpress.solinger-vogelpark.de\/index.php?rest_route=\/wp\/v2\/types\/page"}],"author":[{"embeddable":true,"href":"http:\/\/wordpress.solinger-vogelpark.de\/index.php?rest_route=\/wp\/v2\/users\/1"}],"replies":[{"embeddable":true,"href":"http:\/\/wordpress.solinger-vogelpark.de\/index.php?rest_route=%2Fwp%2Fv2%2Fcomments&post=172"}],"version-history":[{"count":4,"href":"http:\/\/wordpress.solinger-vogelpark.de\/index.php?rest_route=\/wp\/v2\/pages\/172\/revisions"}],"predecessor-version":[{"id":554,"href":"http:\/\/wordpress.solinger-vogelpark.de\/index.php?rest_route=\/wp\/v2\/pages\/172\/revisions\/554"}],"up":[{"embeddable":true,"href":"http:\/\/wordpress.solinger-vogelpark.de\/index.php?rest_route=\/wp\/v2\/pages\/754"}],"wp:attachment":[{"href":"http:\/\/wordpress.solinger-vogelpark.de\/index.php?rest_route=%2Fwp%2Fv2%2Fmedia&parent=172"}],"curies":[{"name":"wp","href":"https:\/\/api.w.org\/{rel}","templated":true}]}}